{"id":7,"date":"2017-01-27T09:19:38","date_gmt":"2017-01-27T08:19:38","guid":{"rendered":"http:\/\/logika.webd.pl\/?page_id=7"},"modified":"2025-09-04T14:59:40","modified_gmt":"2025-09-04T12:59:40","slug":"strona-glowna","status":"publish","type":"page","link":"https:\/\/podologika.pl\/","title":{"rendered":"&#8230;"},"content":{"rendered":"<p>Mamy przyjemno\u015b\u0107 poinformowa\u0107, \u017ce firma Podologika rozszerzy\u0142a swoj\u0105 dzia\u0142alno\u015b\u0107 o indywidualnie wykonywane ortezy ko\u0144czyn w ramach kontraktu z NFZ.<\/p>\n<p style=\"text-align: center;\">\n<strong>mgr fizjoterapii ortotyk Magdalena Jeske-Szefer<\/strong><\/p>\n<p style=\"text-align: center;\">tel. 509 653 058<\/p>\n<p style=\"text-align: center;\"><strong>mgr fizjoterapii ortotyk Dorota Bartosik<\/strong><\/p>\n<p style=\"text-align: center;\">tel. 728 996 460<\/p>\n<p>&nbsp;<\/p>\n<p style=\"text-align: center;\">\n<p style=\"text-align: center;\">\n","protected":false},"excerpt":{"rendered":"<p>Mamy przyjemno\u015b\u0107 poinformowa\u0107, \u017ce firma Podologika rozszerzy\u0142a swoj\u0105 dzia\u0142alno\u015b\u0107 o indywidualnie wykonywane ortezy ko\u0144czyn w ramach kontraktu z NFZ. mgr fizjoterapii ortotyk Magdalena Jeske-Szefer tel. 509 653 058 mgr fizjoterapii ortotyk Dorota Bartosik tel. 728 996 460 &nbsp;<\/p>\n","protected":false},"author":1,"featured_media":174,"parent":0,"menu_order":0,"comment_status":"closed","ping_status":"closed","template":"","meta":{"footnotes":""},"class_list":["post-7","page","type-page","status-publish","has-post-thumbnail","hentry"],"_links":{"self":[{"href":"https:\/\/podologika.pl\/index.php\/wp-json\/wp\/v2\/pages\/7","targetHints":{"allow":["GET"]}}],"collection":[{"href":"https:\/\/podologika.pl\/index.php\/wp-json\/wp\/v2\/pages"}],"about":[{"href":"https:\/\/podologika.pl\/index.php\/wp-json\/wp\/v2\/types\/page"}],"author":[{"embeddable":true,"href":"https:\/\/podologika.pl\/index.php\/wp-json\/wp\/v2\/users\/1"}],"replies":[{"embeddable":true,"href":"https:\/\/podologika.pl\/index.php\/wp-json\/wp\/v2\/comments?post=7"}],"version-history":[{"count":11,"href":"https:\/\/podologika.pl\/index.php\/wp-json\/wp\/v2\/pages\/7\/revisions"}],"predecessor-version":[{"id":218,"href":"https:\/\/podologika.pl\/index.php\/wp-json\/wp\/v2\/pages\/7\/revisions\/218"}],"wp:featuredmedia":[{"embeddable":true,"href":"https:\/\/podologika.pl\/index.php\/wp-json\/wp\/v2\/media\/174"}],"wp:attachment":[{"href":"https:\/\/podologika.pl\/index.php\/wp-json\/wp\/v2\/media?parent=7"}],"curies":[{"name":"wp","href":"https:\/\/api.w.org\/{rel}","templated":true}]}}