{"id":11,"date":"2017-01-27T09:19:38","date_gmt":"2017-01-27T08:19:38","guid":{"rendered":"http:\/\/logika.webd.pl\/?page_id=11"},"modified":"2017-03-17T18:01:31","modified_gmt":"2017-03-17T17:01:31","slug":"sekcja-strony-glownej","status":"publish","type":"page","link":"https:\/\/podologika.pl\/index.php\/sekcja-strony-glownej\/","title":{"rendered":"Misja"},"content":{"rendered":"<p>Na szczeg\u00f3lne miejsce w naszej pracy zas\u0142uguj\u0105 <strong>dzieci<\/strong>.<\/p>\n<p>To wady st\u00f3p pozostawione same sobie u ma\u0142ych dzieci mog\u0105 prowadzi\u0107 do trwa\u0142ych patologicznych zmian w narz\u0105dzie ruchu u os\u00f3b doros\u0142ych.\u00a0 W zaniedbaniach z dzieci\u0144stwa doszukiwa\u0107 si\u0119 mo\u017cna genezy wielu wad postawy w p\u00f3\u017aniejszym wieku. Niestety informacje o wysokiej cz\u0119stotliwo\u015bci wyst\u0119powania wad postawy u dzieci docieraj\u0105 do nas coraz cz\u0119\u015bciej.<\/p>\n<p>W wieku niemowl\u0119cym trudno m\u00f3wi\u0107 o wysklepieniu st\u00f3p, poniewa\u017c stopy wype\u0142nione\u00a0 s\u0105 mi\u0119kk\u0105 pod\u015bci\u00f3\u0142k\u0105 t\u0142uszczow\u0105. Poduszeczki t\u0142uszczowe zaczynaj\u0105 znika\u0107 dopiero oko\u0142o 3 roku \u017cycia. Utar\u0142o si\u0119 przekonanie \u017ce do tego momentu nie diagnozujemy wad st\u00f3p. To jednak bywa z\u0142udne. Rozpocz\u0119cie chodzenia to moment w kt\u00f3rym mo\u017cna okre\u015bli\u0107 jak b\u0119d\u0105 si\u0119 kszta\u0142towa\u0142y stopy dziecka. Mo\u017cna okre\u015bli\u0107 czy istnieje zagro\u017cenie wad\u0105 czy nie. Jest to r\u00f3wnie\u017c moment w kt\u00f3rym stopa dziecka jest bardzo plastyczna i szybko poddaje si\u0119 korekcji. W\u0142a\u015bnie w tym czasie osi\u0105gamy najlepsze i najszybsze efekty leczenia wk\u0142adkami czy klinami ortopedycznymi.<\/p>\n<p>Du\u017cymi osi\u0105gni\u0119ciami mo\u017cemy si\u0119 r\u00f3wnie\u017c pochwali\u0107 w pracy z <strong>pacjentami z zespo\u0142em stopy cukrzycowej.<\/strong> Wymagaj\u0105 oni bardzo wyspecjalizowanej wiedzy i do\u015bwiadczenia. \u00a0Nasze do\u015bwiadczenie w pracy z t\u0105 grup\u0105 pacjent\u00f3w zbieramy od 2004r. W\/w powik\u0142anie wyst\u0119puje z powodu uszkodzenia uk\u0142adu naczyniowego, uk\u0142adu nerwowego oraz podatno\u015bci na zaka\u017cenia bakteryjne. Nieleczony zesp\u00f3\u0142 stopy cukrzycowej w skrajnych przypadkach mo\u017ce doprowadzi\u0107 do amputacji stopy czy nawet cz\u0119\u015bci lub ca\u0142ej ko\u0144czyn. W zwi\u0105zku z tym szczeg\u00f3ln\u0105 uwag\u0119 nale\u017cy zwraca\u0107 na najdrobniejsze zmiany na stopach, aby unikn\u0105\u0107 ich pog\u0142\u0119bienia co za tym idzie d\u0142ugotrwa\u0142ego leczenia. Umiej\u0119tnie wykonana wk\u0142adka ortopedyczna mo\u017ce stanowi\u0107 bardzo istotne wsparcie w procesie leczenia tych pacjent\u00f3w.<\/p>\n","protected":false},"excerpt":{"rendered":"<p>Na szczeg\u00f3lne miejsce w naszej pracy zas\u0142uguj\u0105 dzieci. To wady st\u00f3p pozostawione same sobie u ma\u0142ych dzieci mog\u0105 prowadzi\u0107 do trwa\u0142ych patologicznych zmian w narz\u0105dzie ruchu u os\u00f3b doros\u0142ych.\u00a0 W zaniedbaniach z dzieci\u0144stwa doszukiwa\u0107 si\u0119 mo\u017cna genezy wielu wad postawy w p\u00f3\u017aniejszym wieku. Niestety informacje o wysokiej cz\u0119stotliwo\u015bci wyst\u0119powania wad postawy u dzieci docieraj\u0105 do [&hellip;]<\/p>\n","protected":false},"author":1,"featured_media":116,"parent":0,"menu_order":0,"comment_status":"closed","ping_status":"closed","template":"","meta":{"footnotes":""},"class_list":["post-11","page","type-page","status-publish","has-post-thumbnail","hentry"],"_links":{"self":[{"href":"https:\/\/podologika.pl\/index.php\/wp-json\/wp\/v2\/pages\/11","targetHints":{"allow":["GET"]}}],"collection":[{"href":"https:\/\/podologika.pl\/index.php\/wp-json\/wp\/v2\/pages"}],"about":[{"href":"https:\/\/podologika.pl\/index.php\/wp-json\/wp\/v2\/types\/page"}],"author":[{"embeddable":true,"href":"https:\/\/podologika.pl\/index.php\/wp-json\/wp\/v2\/users\/1"}],"replies":[{"embeddable":true,"href":"https:\/\/podologika.pl\/index.php\/wp-json\/wp\/v2\/comments?post=11"}],"version-history":[{"count":9,"href":"https:\/\/podologika.pl\/index.php\/wp-json\/wp\/v2\/pages\/11\/revisions"}],"predecessor-version":[{"id":197,"href":"https:\/\/podologika.pl\/index.php\/wp-json\/wp\/v2\/pages\/11\/revisions\/197"}],"wp:featuredmedia":[{"embeddable":true,"href":"https:\/\/podologika.pl\/index.php\/wp-json\/wp\/v2\/media\/116"}],"wp:attachment":[{"href":"https:\/\/podologika.pl\/index.php\/wp-json\/wp\/v2\/media?parent=11"}],"curies":[{"name":"wp","href":"https:\/\/api.w.org\/{rel}","templated":true}]}}